{"id":18,"date":"2014-01-06T18:31:28","date_gmt":"2014-01-06T17:31:28","guid":{"rendered":"http:\/\/localhost:83\/wordpress\/?page_id=18"},"modified":"2014-01-07T20:25:36","modified_gmt":"2014-01-07T20:25:36","slug":"competences","status":"publish","type":"page","link":"https:\/\/m2cimali.com\/?page_id=18","title":{"rendered":"Comp\u00e9tences"},"content":{"rendered":"<h3 style=\"color: #c25d1f;\">DOMAINES D\u2019INTERVENTION<\/h3>\n<p>M2CI s\u2019est sp\u00e9cialis\u00e9 dans l\u2019approche relationnelle du Business Development, parce qu\u2019une entreprise,\u00a0ou une institution, ne peut se consid\u00e9rer comme une entit\u00e9 isol\u00e9e si elle vise une croissance saine et\u00a0durable. Mais des liens stables avec l\u2019environnement ext\u00e9rieur ne suffisant pas, il est primordial de\u00a0s\u2019assurer de la coh\u00e9rence des \u00e9quipes en interne.<br \/>\nNous proposons donc un accompagnement global, qui vise \u00e0 b\u00e2tir des bases solides au d\u00e9veloppement\u00a0national et international de nos clients, qui sont :<\/p>\n<h4 id=\"conseil_gest_ent\" style=\"color: #c25d1f;\">Conseil en gestion\u00a0aux Entreprises publiques et priv\u00e9es\u00a0et Institutions de Micro Finance<\/h4>\n<ul>\n<li>Appui Conseil \u00e9conomique, juridique et fiscale<\/li>\n<li>Evaluation et Restructuration d\u2019entreprises<\/li>\n<li>Assistance au gouvernement dans le cadre de privatisation<\/li>\n<li>Diagnostics \u00e9conomique et financier<\/li>\n<li>Etude de faisabilit\u00e9 \/ audit de rachat<\/li>\n<li>Elaboration de business Plan<\/li>\n<li>Appui conseil aux entreprises en difficult\u00e9s, Recherche de\u00a0fraudes ou malversations<\/li>\n<li>Secr\u00e9tariat juridique<\/li>\n<li>L\u2019accompagnement des acteurs priv\u00e9s du d\u00e9veloppement \u00e0 la\u00a0base et IMFs<\/li>\n<li>Assistance en mati\u00e8re de n\u00e9gociations dans le cadre de\u00a0regroupements ou de cessions d\u2019entreprises ou dans le cadre\u00a0de la mise en place et\/ou du renouvellement de lignes de\u00a0cr\u00e9dits ext\u00e9rieurs<\/li>\n<\/ul>\n<h4 id=\"audit_comp\" style=\"color: #c25d1f;\">Audit<\/h4>\n<ul>\n<li>Financier et Comptable<\/li>\n<li>Institutionnel<\/li>\n<li>Organisationnel<\/li>\n<li>Informatique<\/li>\n<\/ul>\n<h4 id=\"diag_manage\" style=\"color: #c25d1f;\">Diagnostic et management<\/h4>\n<ul>\n<li>Aide \u00e0 la cr\u00e9ation d\u2019entreprises : choix d&rsquo;un statut\u00a0juridique, accomplissement des formalit\u00e9s<\/li>\n<li>Mise en place de SIG<\/li>\n<li>Conception et mise en place des outils de pilotage et\u00a0d\u2019aide \u00e0 la d\u00e9cision<\/li>\n<li>Elaboration de plans d\u2019affaires<\/li>\n<li>Montage de dossiers et assistance dans la recherche\u00a0de financement<\/li>\n<\/ul>\n<h4 id=\"si_comp\" style=\"color: #c25d1f;\">Syst\u00e8me d\u2019information<\/h4>\n<ul>\n<li>Diagnostic et Ing\u00e9nierie des syst\u00e8mes\u00a0d\u2019informations<\/li>\n<li>R\u00e9alisation de sch\u00e9ma directeur informatique<\/li>\n<li>Distribution et installation de solutions informatiques<\/li>\n<li>Maintenance mat\u00e9riel et R\u00e9seaux Informatiques<\/li>\n<li>Fournitures de mat\u00e9riels et consommables\u00a0informatiques<\/li>\n<li>C\u00e2blage et configuration de r\u00e9seau<\/li>\n<li>Appui \u00e0 la mise en oeuvre de syst\u00e8mes\u00a0d\u2019information<\/li>\n<\/ul>\n<h4 id=\"formation_comp\" style=\"color: #c25d1f;\">Formation<\/h4>\n<p>Micro finances et Banque,\u00a0Techniques comptables,fiscalit\u00e9, contr\u00f4le de gestion, contr\u00f4le interne, normes\u00a0IFRS, droit des \u00a0affaires, Les outils de d\u00e9tection des\u00a0fraudes, ressources humaines, et.<\/p>\n<p>Nous \u00e9valuons avec nos clients leurs besoins en formation\u00a0lies \u00e0 nos domaines de comp\u00e9tences et leur proposons\u00a0en retour un programme de formation sur mesure.<\/p>\n<h4 id=\"due_comp\" style=\"color: #c25d1f;\">Due diligence<\/h4>\n<p>Nous s\u00e9curisons les investissements de nos\u00a0clients en les assistants dans le cadre de prise\u00a0de participation, de la privatisation ou de\u00a0rachat de soci\u00e9t\u00e9.<\/p>\n<h4 id=\"expert_compt\" style=\"color: #c25d1f;\">Expertise comptable<\/h4>\n<ul>\n<li>Mise en place d\u2019organisations et m\u00e9thodes\u00a0comptables OHADA<\/li>\n<li>Tenue, suivi ou rattrapage de la comptabilit\u00e9<\/li>\n<li>Production des documents de synth\u00e8se et\u00a0comptes annuels : bilan, compte de r\u00e9sultat,\u00a0TAFIRE, annexes<\/li>\n<\/ul>\n<h4 id=\"gestion_projets\" style=\"color: #c25d1f;\">Gestion des projets<\/h4>\n<ul>\n<li>Assistance et appui aux Organisations de\u00a0base<\/li>\n<li>Suivi &#8211; \u00e9valuation des programmes<\/li>\n<li>Appui aux institutions de micro \u2013 finance<\/li>\n<li>Assistance Technique aux Associations et<\/li>\n<li>Organisations Non Gouvernementales (ONG)<\/li>\n<\/ul>\n<h4 id=\"appui_instit\" style=\"color: #c25d1f;\">Appui institutionnel<\/h4>\n<ul>\n<li>R\u00e9forme institutionnelle<\/li>\n<li>Renforcement des capacit\u00e9s<\/li>\n<li>Etude des fili\u00e8res<\/li>\n<li>R\u00e9forme administrative<\/li>\n<\/ul>\n<h4 id=\"appui_gouv\" style=\"color: #c25d1f;\">Appui \u00e0 la Gouvernance\u00a0Locale et \u00e0 la D\u00e9centralisation<\/h4>\n<ul>\n<li>Appui institutionnel aux collectivit\u00e9s locales<\/li>\n<li>Appui au d\u00e9veloppement de l\u2019\u00e9conomie et des finances locales<\/li>\n<li>Formation des acteurs du d\u00e9veloppement local<\/li>\n<li>Formation \u00e0 la vie associative et coop\u00e9rative.<\/li>\n<\/ul>\n","protected":false},"excerpt":{"rendered":"<p>DOMAINES D\u2019INTERVENTION M2CI s\u2019est sp\u00e9cialis\u00e9 dans l\u2019approche relationnelle du Business Development, parce qu\u2019une entreprise,\u00a0ou une institution, ne peut se consid\u00e9rer comme une entit\u00e9 isol\u00e9e si elle vise une croissance saine et\u00a0durable. Mais des liens stables avec l\u2019environnement ext\u00e9rieur ne suffisant pas, il est primordial de\u00a0s\u2019assurer de la coh\u00e9rence des \u00e9quipes en interne. Nous proposons donc&hellip;<\/p>\n","protected":false},"author":1,"featured_media":0,"parent":0,"menu_order":0,"comment_status":"closed","ping_status":"closed","template":"","meta":{"footnotes":""},"class_list":["post-18","page","type-page","status-publish","hentry","description-off"],"_links":{"self":[{"href":"https:\/\/m2cimali.com\/index.php?rest_route=\/wp\/v2\/pages\/18","targetHints":{"allow":["GET"]}}],"collection":[{"href":"https:\/\/m2cimali.com\/index.php?rest_route=\/wp\/v2\/pages"}],"about":[{"href":"https:\/\/m2cimali.com\/index.php?rest_route=\/wp\/v2\/types\/page"}],"author":[{"embeddable":true,"href":"https:\/\/m2cimali.com\/index.php?rest_route=\/wp\/v2\/users\/1"}],"replies":[{"embeddable":true,"href":"https:\/\/m2cimali.com\/index.php?rest_route=%2Fwp%2Fv2%2Fcomments&post=18"}],"version-history":[{"count":15,"href":"https:\/\/m2cimali.com\/index.php?rest_route=\/wp\/v2\/pages\/18\/revisions"}],"predecessor-version":[{"id":96,"href":"https:\/\/m2cimali.com\/index.php?rest_route=\/wp\/v2\/pages\/18\/revisions\/96"}],"wp:attachment":[{"href":"https:\/\/m2cimali.com\/index.php?rest_route=%2Fwp%2Fv2%2Fmedia&parent=18"}],"curies":[{"name":"wp","href":"https:\/\/api.w.org\/{rel}","templated":true}]}}