{"id":16,"date":"2014-01-06T18:30:03","date_gmt":"2014-01-06T17:30:03","guid":{"rendered":"http:\/\/localhost:83\/wordpress\/?page_id=16"},"modified":"2014-01-07T20:02:41","modified_gmt":"2014-01-07T19:02:41","slug":"societe","status":"publish","type":"page","link":"https:\/\/m2cimali.com\/?page_id=16","title":{"rendered":"Soci\u00e9t\u00e9"},"content":{"rendered":"<p>M2CI est une firme \u00e0 vocation internationale regroupant des professionnels qualifi\u00e9s, disposant d\u2019une longue exp\u00e9rience et de savoir-faire en mati\u00e8re de conseil en gestion, en organisation, suivi \u2013 \u00e9valuation et en syst\u00e8me d\u2019information.<br \/>\nNotre capacit\u00e9 \u00e0 mobiliser les ressources n\u00e9cessaires \u00e0 l\u2019ex\u00e9cution des missions qui nous sont confi\u00e9es est un atout.<br \/>\nPour des missions complexes exigeant une expertise pointues, nous faisons appel aux meilleures comp\u00e9tences locales et\/ou internationales.<\/p>\n<h3 style=\"color: #c25d1f;\">PHILOSOPHIE<\/h3>\n<p>Depuis plus d\u2019une dizaine d\u2019ann\u00e9es, nous sommes au contact des r\u00e9alit\u00e9s du monde des entreprises\u00a0priv\u00e9es et publiques, d\u2019institutions et ONG internationales, et de projet de d\u00e9veloppement.<br \/>\nCeci nous a permis de capitaliser une somme d\u2019exp\u00e9riences et de savoir-faire dans le domaine du\u00a0conseil en gestion, du suivi &#8211; \u00e9valuation et du syst\u00e8me d\u2019information \u00e0 l\u2019\u00e9chelle nationale et internationale.<br \/>\nCe qui nous permet de r\u00e9pondre de fa\u00e7on coh\u00e9rente et pragmatique aux probl\u00e9matiques\u00a0complexe et aux exigences \u00e9volutives d\u2019une client\u00e8le vari\u00e9e : PME-PMI, de grandes entreprises\u00a0priv\u00e9es et publiques, d\u2019institutions et ONG internationales, et de projet de d\u00e9veloppement.<br \/>\nExpertise, Professionnalisme, Ethique, Ecoute et Disponibilit\u00e9 sont le gage d\u2019un travail efficace au\u00a0quotidien et un solide facteur de succ\u00e8s. Toutes ces valeurs sont au coeur des pr\u00e9occupations de\u00a0M2CI et la base d\u2019une relation durable avec ses clients. En effet, la contribution \u00e0 la cr\u00e9ation de la\u00a0valeur pour nos clients est une d\u00e9marche inh\u00e9rente \u00e0 notre philosophie.<\/p>\n<h3 style=\"color: #c25d1f;\">MISSIONS<\/h3>\n<p>Un interlocuteur privil\u00e9gi\u00e9 des acteurs de la vie\u00a0\u00e9conomique.<br \/>\nPour nos missions de conseil, nous utilisons notre\u00a0connaissance de la finance, de la comptabilit\u00e9, de la\u00a0fiscalit\u00e9, du droit des soci\u00e9t\u00e9s, des syst\u00e8mes de reporting\u00a0et d\u2019information, du contr\u00f4le interne, des ressources\u00a0humaines, etc. pour aider nos clients \u00e0 cr\u00e9er, asseoir,\u00a0am\u00e9liorer et transformer leur entreprises, \u00e0 mettre leur\u00a0business sous contr\u00f4le et \u00e0 le faire savoir.<br \/>\nGrace \u00e0 notre connaissance de l\u2019environnement, nous\u00a0transformons vos challenges en opportunit\u00e9s avec des\u00a0solutions innovantes, sur des probl\u00e9matiques cl\u00e9s telles\u00a0que la gouvernance d\u2019entreprise, les strat\u00e9gies\u00a0\u00e9conomiques &#8211; juridiques et fiscales, la gestion des\u00a0risques, la conformit\u00e9, le syst\u00e8me informatique, etc.<\/p>\n<h3 style=\"color: #c25d1f;\">RESSOURCES HUMAINES<\/h3>\n<p>M2CI est constitu\u00e9 de jeune dynamique, solide, Dipl\u00f4m\u00e9s\u00a0de grandes \u00e9coles sup\u00e9rieures de commerce\u00a0et\/ou des grandes universit\u00e9s des sciences\u00a0\u00e9conomiques et du droit, parfaitement impliqu\u00e9e\u00a0dans l\u2019activit\u00e9 du cabinet, et pr\u00eate \u00e0 apporter un\u00a0service global et coh\u00e9rent dans un domaine essentiel.<br \/>\nA ce titre, M2CI dispose :<\/p>\n<ul>\n<li><strong>Un G\u00e9rant Associ\u00e9<\/strong> : De Formation Expert-comptable,\u00a0<strong>DEMBELE Cheick Oumar<\/strong> est dipl\u00f4me de comptabilit\u00e9\u00a0et de finance de l\u2019Institut National des Techniques\u00a0Economique et Comptable du CNAM de Paris. Il\u00a0dispose d\u2019une quinzaine d\u2019ann\u00e9e exp\u00e9rience dans le\u00a0domaine de conseil, organisation, renforcement de\u00a0capacit\u00e9s et de l\u2019audit des Projets de d\u00e9veloppement,\u00a0entreprises industrielles et commerciales, banques,\u00a0institutions de micro finances et assurances. Par\u00a0ailleurs, il est formateur en Technique de Gestion et\u00a0de management des entreprises et Institutions de\u00a0Micro Finance dans plusieurs \u00e9tablissements\u00a0d\u2019enseignement sup\u00e9rieur au Mali. Il a une parfaite\u00a0ma\u00eetrise des proc\u00e9dures du Banque Mondiale, Fonds\u00a0Mondial, BAD, PNUD, Coop\u00e9ration Allemande, etc. Mr\u00a0DEMBELE est consultant international charg\u00e9 de\u00a0l\u2019audit interne, aupr\u00e8s de plusieurs ONG international\u00a0comme PSI (sp\u00e9cialis\u00e9 dans le marketing social), etc.<\/li>\n<li><strong>Pool de collaborateurs Expert Consultants<\/strong> en : Droit\u00a0fiscal et social, assurance, passation de marche,\u00a0d\u00e9veloppement locale des collectivit\u00e9s, suivi \u00e9valuation,\u00a0Marketing, diagnostic financier, Marketing\u00a0Social, Sant\u00e9, etc.<\/li>\n<\/ul>\n<h3 style=\"color: #c25d1f;\">NOTRE ORGANISATION<\/h3>\n<p>En plus de la direction, nous disposons des d\u00e9partements\u00a0suivants :<\/p>\n<ul>\n<li>D\u00e9partement Conseil, Etude et Organisation<\/li>\n<li>D\u00e9partement Micro Finance et Banque<\/li>\n<li>D\u00e9partement Ing\u00e9nierie informatique<\/li>\n<li>D\u00e9partement d\u00e9veloppement locale \u2013 D\u00e9centralisation<\/li>\n<\/ul>\n<h3 style=\"color: #c25d1f;\">CES DEPARTEMENTS SONT ASSISTES PAR UN DEPARTEMENT EN STAFF POUR LE\u00a0CONTROLE QUALITE DES DOSSIERS ET LIVRABLES.<\/h3>\n","protected":false},"excerpt":{"rendered":"<p>M2CI est une firme \u00e0 vocation internationale regroupant des professionnels qualifi\u00e9s, disposant d\u2019une longue exp\u00e9rience et de savoir-faire en mati\u00e8re de conseil en gestion, en organisation, suivi \u2013 \u00e9valuation et en syst\u00e8me d\u2019information. Notre capacit\u00e9 \u00e0 mobiliser les ressources n\u00e9cessaires \u00e0 l\u2019ex\u00e9cution des missions qui nous sont confi\u00e9es est un atout. Pour des missions complexes&hellip;<\/p>\n","protected":false},"author":1,"featured_media":0,"parent":0,"menu_order":0,"comment_status":"closed","ping_status":"closed","template":"","meta":{"footnotes":""},"class_list":["post-16","page","type-page","status-publish","hentry","description-off"],"_links":{"self":[{"href":"https:\/\/m2cimali.com\/index.php?rest_route=\/wp\/v2\/pages\/16","targetHints":{"allow":["GET"]}}],"collection":[{"href":"https:\/\/m2cimali.com\/index.php?rest_route=\/wp\/v2\/pages"}],"about":[{"href":"https:\/\/m2cimali.com\/index.php?rest_route=\/wp\/v2\/types\/page"}],"author":[{"embeddable":true,"href":"https:\/\/m2cimali.com\/index.php?rest_route=\/wp\/v2\/users\/1"}],"replies":[{"embeddable":true,"href":"https:\/\/m2cimali.com\/index.php?rest_route=%2Fwp%2Fv2%2Fcomments&post=16"}],"version-history":[{"count":9,"href":"https:\/\/m2cimali.com\/index.php?rest_route=\/wp\/v2\/pages\/16\/revisions"}],"predecessor-version":[{"id":82,"href":"https:\/\/m2cimali.com\/index.php?rest_route=\/wp\/v2\/pages\/16\/revisions\/82"}],"wp:attachment":[{"href":"https:\/\/m2cimali.com\/index.php?rest_route=%2Fwp%2Fv2%2Fmedia&parent=16"}],"curies":[{"name":"wp","href":"https:\/\/api.w.org\/{rel}","templated":true}]}}